{"id":15960,"date":"2018-05-06T14:21:30","date_gmt":"2018-05-06T14:21:30","guid":{"rendered":"https:\/\/menuiseriedubois.com\/a-propos\/"},"modified":"2019-02-24T01:21:28","modified_gmt":"2019-02-24T01:21:28","slug":"about","status":"publish","type":"page","link":"https:\/\/menuiseriedubois.com\/en\/about\/","title":{"rendered":"About"},"content":{"rendered":"<section class=\"wpb-content-wrapper\"><p>[vc_row css_animation=&#8221;&#8221; row_type=&#8221;row&#8221; use_row_as_full_screen_section=&#8221;no&#8221; type=&#8221;grid&#8221; angled_section=&#8221;no&#8221; text_align=&#8221;center&#8221; background_image_as_pattern=&#8221;without_pattern&#8221; padding_top=&#8221;80&#8243; padding_bottom=&#8221;80&#8243; z_index=&#8221;&#8221;][vc_column width=&#8221;1\/2&#8243;][vc_column_text]<\/p>\n<h1 style=\"text-align: left;\">About us<\/h1>\n<p>[\/vc_column_text][vc_separator type=&#8221;transparent&#8221; up=&#8221;25&#8243;][vc_column_text]<\/p>\n<p class=\"p1\" style=\"text-align: left;\"><span class=\"s1\">Jocelyn Dubois started in the field of construction in the general sector in 1995. In recent years, he has decided to specialize in the recovery of stairs and in the replacement of interior ramp in the sector of Gatineau, Ottawa and the surroundings.<\/span><\/p>\n<p>&nbsp;<\/p>\n<p class=\"p1\" style=\"text-align: left;\"><span class=\"s1\">In 2017, Jocelyn decided to step into the field of entrepreneurship and set up his company Menuiserie Du-Bois. Jocelyn has all the diplomas and certificates required as well as a great passion to do his job. With the help of his dynamic team, he is personally committed to carrying out your project with care and thoroughness.<\/span><\/p>\n<p>&nbsp;<\/p>\n<p class=\"p1\" style=\"text-align: left;\"><span class=\"s1\">We offer the service of replacing your stair railing to modernize it or simply refresh your traditional railing.<\/span><\/p>\n<p>[\/vc_column_text][vc_separator type=&#8221;transparent&#8221; up=&#8221;20&#8243;][\/vc_column][vc_column width=&#8221;1\/2&#8243;][vc_single_image image=&#8221;15933&#8243; img_size=&#8221;full&#8221; alignment=&#8221;center&#8221; qode_css_animation=&#8221;element_from_bottom&#8221;][\/vc_column][\/vc_row][vc_row row_type=&#8221;parallax&#8221; parallax_content_width=&#8221;in_grid&#8221; text_align=&#8221;center&#8221; background_image=&#8221;15564&#8243; full_screen_section_height=&#8221;no&#8221;][vc_column][vc_row_inner row_type=&#8221;row&#8221; type=&#8221;full_width&#8221; text_align=&#8221;center&#8221; padding_top=&#8221;200&#8243; padding_bottom=&#8221;200&#8243; css_animation=&#8221;&#8221;][vc_column_inner][vc_column_text]<\/p>\n<h1 style=\"text-align: center; color: white;\">Find a project that inspires you!<\/h1>\n<p>[\/vc_column_text][vc_separator type=&#8221;transparent&#8221; up=&#8221;40&#8243;]<a  itemprop=\"url\" href=\"https:\/\/menuiseriedubois.com\/en\/projects\/\" target=\"_blank\" data-hover-background-color='#ffffff' data-hover-border-color='#ffffff' data-hover-color='#5b5b5b' class=\"qbutton  large default\" style=\"color: #ffffff; border-color: #ffffff; background-color: rgba(0,0,0,0.01);\">See our projects<\/a>[\/vc_column_inner][\/vc_row_inner][\/vc_column][\/vc_row]<\/p>\n<\/section>","protected":false},"excerpt":{"rendered":"<p>[vc_row css_animation=&#8221;&#8221; row_type=&#8221;row&#8221; use_row_as_full_screen_section=&#8221;no&#8221; type=&#8221;grid&#8221; angled_section=&#8221;no&#8221; text_align=&#8221;center&#8221; background_image_as_pattern=&#8221;without_pattern&#8221; padding_top=&#8221;80&#8243; padding_bottom=&#8221;80&#8243; z_index=&#8221;&#8221;][vc_column width=&#8221;1\/2&#8243;][vc_column_text] About us [\/vc_column_text][vc_separator type=&#8221;transparent&#8221; up=&#8221;25&#8243;][vc_column_text] Jocelyn Dubois started in the field of construction in the general sector in 1995. In recent years, he has decided to specialize in the recovery of stairs and&#8230;<\/p>\n","protected":false},"author":1,"featured_media":0,"parent":0,"menu_order":0,"comment_status":"closed","ping_status":"closed","template":"full_width.php","meta":{"_mi_skip_tracking":false},"yoast_head":"<!-- This site is optimized with the Yoast SEO plugin v16.2 - https:\/\/yoast.com\/wordpress\/plugins\/seo\/ -->\n<title>\u00c0 propos | Entreprise familiale | Menuiserie Du-Bois | Gatineau, QC - Ottawa, ON<\/title>\n<meta name=\"description\" content=\"Sp\u00e9cialis\u00e9 dans le recouvrement d&#039;escaliers et dans le remplacement de rampes int\u00e9rieures dans le secteur Gatineau - Ottawa. L&#039;entreprise Menuiserie Du-Bois s&#039;engage personnellement \u00e0 r\u00e9aliser vos projets avec soin et minutie.\" \/>\n<meta name=\"robots\" content=\"index, follow, max-snippet:-1, max-image-preview:large, max-video-preview:-1\" \/>\n<link rel=\"canonical\" href=\"https:\/\/menuiseriedubois.com\/en\/about\/\" \/>\n<meta property=\"og:locale\" content=\"en_US\" \/>\n<meta property=\"og:type\" content=\"article\" \/>\n<meta property=\"og:title\" content=\"\u00c0 propos | Entreprise familiale | Menuiserie Du-Bois | Gatineau, QC - Ottawa, ON\" \/>\n<meta property=\"og:description\" content=\"Sp\u00e9cialis\u00e9 dans le recouvrement d&#039;escaliers et dans le remplacement de rampes int\u00e9rieures dans le secteur Gatineau - Ottawa. L&#039;entreprise Menuiserie Du-Bois s&#039;engage personnellement \u00e0 r\u00e9aliser vos projets avec soin et minutie.\" \/>\n<meta property=\"og:url\" content=\"https:\/\/menuiseriedubois.com\/en\/about\/\" \/>\n<meta property=\"og:site_name\" content=\"Menuiserie Du-Bois\" \/>\n<meta property=\"article:modified_time\" content=\"2019-02-24T01:21:28+00:00\" \/>\n<meta name=\"twitter:card\" content=\"summary_large_image\" \/>\n<meta name=\"twitter:label1\" content=\"Est. reading time\">\n\t<meta name=\"twitter:data1\" content=\"2 minutes\">\n<script type=\"application\/ld+json\" class=\"yoast-schema-graph\">{\"@context\":\"https:\/\/schema.org\",\"@graph\":[{\"@type\":\"WebSite\",\"@id\":\"https:\/\/menuiseriedubois.com\/#website\",\"url\":\"https:\/\/menuiseriedubois.com\/\",\"name\":\"Menuiserie Du-Bois\",\"description\":\"Restauration d&#039;escalier\",\"potentialAction\":[{\"@type\":\"SearchAction\",\"target\":\"https:\/\/menuiseriedubois.com\/?s={search_term_string}\",\"query-input\":\"required name=search_term_string\"}],\"inLanguage\":\"en-US\"},{\"@type\":\"WebPage\",\"@id\":\"https:\/\/menuiseriedubois.com\/en\/about\/#webpage\",\"url\":\"https:\/\/menuiseriedubois.com\/en\/about\/\",\"name\":\"\\u00c0 propos | Entreprise familiale | Menuiserie Du-Bois | Gatineau, QC - Ottawa, ON\",\"isPartOf\":{\"@id\":\"https:\/\/menuiseriedubois.com\/#website\"},\"datePublished\":\"2018-05-06T14:21:30+00:00\",\"dateModified\":\"2019-02-24T01:21:28+00:00\",\"description\":\"Sp\\u00e9cialis\\u00e9 dans le recouvrement d'escaliers et dans le remplacement de rampes int\\u00e9rieures dans le secteur Gatineau - Ottawa. L'entreprise Menuiserie Du-Bois s'engage personnellement \\u00e0 r\\u00e9aliser vos projets avec soin et minutie.\",\"breadcrumb\":{\"@id\":\"https:\/\/menuiseriedubois.com\/en\/about\/#breadcrumb\"},\"inLanguage\":\"en-US\",\"potentialAction\":[{\"@type\":\"ReadAction\",\"target\":[\"https:\/\/menuiseriedubois.com\/en\/about\/\"]}]},{\"@type\":\"BreadcrumbList\",\"@id\":\"https:\/\/menuiseriedubois.com\/en\/about\/#breadcrumb\",\"itemListElement\":[{\"@type\":\"ListItem\",\"position\":1,\"item\":{\"@type\":\"WebPage\",\"@id\":\"https:\/\/menuiseriedubois.com\/en\/\",\"url\":\"https:\/\/menuiseriedubois.com\/en\/\",\"name\":\"Accueil\"}},{\"@type\":\"ListItem\",\"position\":2,\"item\":{\"@id\":\"https:\/\/menuiseriedubois.com\/en\/about\/#webpage\"}}]}]}<\/script>\n<!-- \/ Yoast SEO plugin. -->","_links":{"self":[{"href":"https:\/\/menuiseriedubois.com\/en\/wp-json\/wp\/v2\/pages\/15960"}],"collection":[{"href":"https:\/\/menuiseriedubois.com\/en\/wp-json\/wp\/v2\/pages"}],"about":[{"href":"https:\/\/menuiseriedubois.com\/en\/wp-json\/wp\/v2\/types\/page"}],"author":[{"embeddable":true,"href":"https:\/\/menuiseriedubois.com\/en\/wp-json\/wp\/v2\/users\/1"}],"replies":[{"embeddable":true,"href":"https:\/\/menuiseriedubois.com\/en\/wp-json\/wp\/v2\/comments?post=15960"}],"version-history":[{"count":6,"href":"https:\/\/menuiseriedubois.com\/en\/wp-json\/wp\/v2\/pages\/15960\/revisions"}],"predecessor-version":[{"id":16021,"href":"https:\/\/menuiseriedubois.com\/en\/wp-json\/wp\/v2\/pages\/15960\/revisions\/16021"}],"wp:attachment":[{"href":"https:\/\/menuiseriedubois.com\/en\/wp-json\/wp\/v2\/media?parent=15960"}],"curies":[{"name":"wp","href":"https:\/\/api.w.org\/{rel}","templated":true}]}}