{"id":15950,"date":"2018-05-06T14:23:54","date_gmt":"2018-05-06T14:23:54","guid":{"rendered":"https:\/\/menuiseriedubois.com\/recouvrement-descaliers\/"},"modified":"2019-02-24T01:28:06","modified_gmt":"2019-02-24T01:28:06","slug":"stairs","status":"publish","type":"page","link":"https:\/\/menuiseriedubois.com\/en\/stairs\/","title":{"rendered":"Stairs"},"content":{"rendered":"<section class=\"wpb-content-wrapper\"><p>[vc_row css_animation=&#8221;&#8221; row_type=&#8221;row&#8221; use_row_as_full_screen_section=&#8221;no&#8221; type=&#8221;grid&#8221; angled_section=&#8221;no&#8221; text_align=&#8221;left&#8221; background_image_as_pattern=&#8221;without_pattern&#8221; padding_top=&#8221;80&#8243; padding_bottom=&#8221;80&#8243; z_index=&#8221;&#8221;][vc_column width=&#8221;1\/2&#8243;][vc_column_text]<\/p>\n<h1 style=\"text-align: left;\">Stairs<\/h1>\n<p>[\/vc_column_text][vc_separator type=&#8221;transparent&#8221; up=&#8221;25&#8243;][vc_column_text]<\/p>\n<p class=\"p1\"><span class=\"s1\">You deserve the best for your project on your stairs. Being caring for detail, the Menuiserie Du-Bois team is attentive to details and offers the following services for you:<\/span><\/p>\n<p>&nbsp;<\/p>\n<ul>\n<li class=\"p1\"><span class=\"s1\">Remove your carpet from your stairs<\/span><\/li>\n<li class=\"p1\"><span class=\"s1\">Prepare to receive the new steps<\/span><\/li>\n<li class=\"p1\"><span class=\"s1\">Install the new steps<\/span><\/li>\n<\/ul>\n<p>[\/vc_column_text][vc_separator type=&#8221;transparent&#8221; up=&#8221;20&#8243;][\/vc_column][vc_column width=&#8221;1\/2&#8243;][vc_single_image image=&#8221;15953&#8243; img_size=&#8221;full&#8221; alignment=&#8221;center&#8221; qode_css_animation=&#8221;element_from_bottom&#8221;][\/vc_column][\/vc_row][vc_row row_type=&#8221;parallax&#8221; parallax_content_width=&#8221;in_grid&#8221; text_align=&#8221;center&#8221; background_image=&#8221;15564&#8243; full_screen_section_height=&#8221;no&#8221;][vc_column][vc_row_inner row_type=&#8221;row&#8221; type=&#8221;full_width&#8221; text_align=&#8221;center&#8221; padding_top=&#8221;200&#8243; padding_bottom=&#8221;200&#8243; css_animation=&#8221;&#8221;][vc_column_inner][vc_column_text]<\/p>\n<h1 style=\"text-align: center; color: white;\">Find a project that inspires you!<\/h1>\n<p>[\/vc_column_text][vc_separator type=&#8221;transparent&#8221; up=&#8221;40&#8243;]<a  itemprop=\"url\" href=\"https:\/\/menuiseriedubois.com\/en\/projects\/\" target=\"_blank\" data-hover-background-color='#ffffff' data-hover-border-color='#ffffff' data-hover-color='#5b5b5b' class=\"qbutton  large default\" style=\"color: #ffffff; border-color: #ffffff; background-color: rgba(0,0,0,0.01);\">See our projects<\/a>[\/vc_column_inner][\/vc_row_inner][\/vc_column][\/vc_row]<\/p>\n<\/section>","protected":false},"excerpt":{"rendered":"<p>[vc_row css_animation=&#8221;&#8221; row_type=&#8221;row&#8221; use_row_as_full_screen_section=&#8221;no&#8221; type=&#8221;grid&#8221; angled_section=&#8221;no&#8221; text_align=&#8221;left&#8221; background_image_as_pattern=&#8221;without_pattern&#8221; padding_top=&#8221;80&#8243; padding_bottom=&#8221;80&#8243; z_index=&#8221;&#8221;][vc_column width=&#8221;1\/2&#8243;][vc_column_text] Stairs [\/vc_column_text][vc_separator type=&#8221;transparent&#8221; up=&#8221;25&#8243;][vc_column_text] You deserve the best for your project on your stairs. Being caring for detail, the Menuiserie Du-Bois team is attentive to details and offers the following services for you:&#8230;<\/p>\n","protected":false},"author":1,"featured_media":0,"parent":0,"menu_order":0,"comment_status":"closed","ping_status":"closed","template":"full_width.php","meta":{"_mi_skip_tracking":false},"yoast_head":"<!-- This site is optimized with the Yoast SEO plugin v16.2 - https:\/\/yoast.com\/wordpress\/plugins\/seo\/ -->\n<title>Recouvrement d&#039;escaliers | Projets personnalis\u00e9s | Menuiserie Du-Bois | Gatineau, QC - Ottawa, ON<\/title>\n<meta name=\"description\" content=\"Vos escaliers ont besoin d&#039;\u00eatre retravaill\u00e9 ? Soucieux du d\u00e9tail, l&#039;entreprise Menuiserie Du-Bois sera en mesure de concevoir une mise \u00e0 jour de vos escaliers. Trouvez un projet qui vous inspire et contactez-nous pour le r\u00e9aliser.\" \/>\n<meta name=\"robots\" content=\"index, follow, max-snippet:-1, max-image-preview:large, max-video-preview:-1\" \/>\n<link rel=\"canonical\" href=\"https:\/\/menuiseriedubois.com\/en\/stairs\/\" \/>\n<meta property=\"og:locale\" content=\"en_US\" \/>\n<meta property=\"og:type\" content=\"article\" \/>\n<meta property=\"og:title\" content=\"Recouvrement d&#039;escaliers | Projets personnalis\u00e9s | Menuiserie Du-Bois | Gatineau, QC - Ottawa, ON\" \/>\n<meta property=\"og:description\" content=\"Vos escaliers ont besoin d&#039;\u00eatre retravaill\u00e9 ? Soucieux du d\u00e9tail, l&#039;entreprise Menuiserie Du-Bois sera en mesure de concevoir une mise \u00e0 jour de vos escaliers. Trouvez un projet qui vous inspire et contactez-nous pour le r\u00e9aliser.\" \/>\n<meta property=\"og:url\" content=\"https:\/\/menuiseriedubois.com\/en\/stairs\/\" \/>\n<meta property=\"og:site_name\" content=\"Menuiserie Du-Bois\" \/>\n<meta property=\"article:modified_time\" content=\"2019-02-24T01:28:06+00:00\" \/>\n<meta name=\"twitter:card\" content=\"summary_large_image\" \/>\n<meta name=\"twitter:label1\" content=\"Est. reading time\">\n\t<meta name=\"twitter:data1\" content=\"1 minute\">\n<script type=\"application\/ld+json\" class=\"yoast-schema-graph\">{\"@context\":\"https:\/\/schema.org\",\"@graph\":[{\"@type\":\"WebSite\",\"@id\":\"https:\/\/menuiseriedubois.com\/#website\",\"url\":\"https:\/\/menuiseriedubois.com\/\",\"name\":\"Menuiserie Du-Bois\",\"description\":\"Restauration d&#039;escalier\",\"potentialAction\":[{\"@type\":\"SearchAction\",\"target\":\"https:\/\/menuiseriedubois.com\/?s={search_term_string}\",\"query-input\":\"required name=search_term_string\"}],\"inLanguage\":\"en-US\"},{\"@type\":\"WebPage\",\"@id\":\"https:\/\/menuiseriedubois.com\/en\/stairs\/#webpage\",\"url\":\"https:\/\/menuiseriedubois.com\/en\/stairs\/\",\"name\":\"Recouvrement d'escaliers | Projets personnalis\\u00e9s | Menuiserie Du-Bois | Gatineau, QC - Ottawa, ON\",\"isPartOf\":{\"@id\":\"https:\/\/menuiseriedubois.com\/#website\"},\"datePublished\":\"2018-05-06T14:23:54+00:00\",\"dateModified\":\"2019-02-24T01:28:06+00:00\",\"description\":\"Vos escaliers ont besoin d'\\u00eatre retravaill\\u00e9 ? Soucieux du d\\u00e9tail, l'entreprise Menuiserie Du-Bois sera en mesure de concevoir une mise \\u00e0 jour de vos escaliers. Trouvez un projet qui vous inspire et contactez-nous pour le r\\u00e9aliser.\",\"breadcrumb\":{\"@id\":\"https:\/\/menuiseriedubois.com\/en\/stairs\/#breadcrumb\"},\"inLanguage\":\"en-US\",\"potentialAction\":[{\"@type\":\"ReadAction\",\"target\":[\"https:\/\/menuiseriedubois.com\/en\/stairs\/\"]}]},{\"@type\":\"BreadcrumbList\",\"@id\":\"https:\/\/menuiseriedubois.com\/en\/stairs\/#breadcrumb\",\"itemListElement\":[{\"@type\":\"ListItem\",\"position\":1,\"item\":{\"@type\":\"WebPage\",\"@id\":\"https:\/\/menuiseriedubois.com\/en\/\",\"url\":\"https:\/\/menuiseriedubois.com\/en\/\",\"name\":\"Accueil\"}},{\"@type\":\"ListItem\",\"position\":2,\"item\":{\"@id\":\"https:\/\/menuiseriedubois.com\/en\/stairs\/#webpage\"}}]}]}<\/script>\n<!-- \/ Yoast SEO plugin. -->","_links":{"self":[{"href":"https:\/\/menuiseriedubois.com\/en\/wp-json\/wp\/v2\/pages\/15950"}],"collection":[{"href":"https:\/\/menuiseriedubois.com\/en\/wp-json\/wp\/v2\/pages"}],"about":[{"href":"https:\/\/menuiseriedubois.com\/en\/wp-json\/wp\/v2\/types\/page"}],"author":[{"embeddable":true,"href":"https:\/\/menuiseriedubois.com\/en\/wp-json\/wp\/v2\/users\/1"}],"replies":[{"embeddable":true,"href":"https:\/\/menuiseriedubois.com\/en\/wp-json\/wp\/v2\/comments?post=15950"}],"version-history":[{"count":7,"href":"https:\/\/menuiseriedubois.com\/en\/wp-json\/wp\/v2\/pages\/15950\/revisions"}],"predecessor-version":[{"id":16032,"href":"https:\/\/menuiseriedubois.com\/en\/wp-json\/wp\/v2\/pages\/15950\/revisions\/16032"}],"wp:attachment":[{"href":"https:\/\/menuiseriedubois.com\/en\/wp-json\/wp\/v2\/media?parent=15950"}],"curies":[{"name":"wp","href":"https:\/\/api.w.org\/{rel}","templated":true}]}}