{"id":15853,"date":"2015-02-05T16:09:41","date_gmt":"2015-02-05T16:09:41","guid":{"rendered":"https:\/\/menuiseriedubois.com\/contact\/"},"modified":"2019-02-24T01:42:37","modified_gmt":"2019-02-24T01:42:37","slug":"contact","status":"publish","type":"page","link":"https:\/\/menuiseriedubois.com\/en\/contact\/","title":{"rendered":"Contact"},"content":{"rendered":"<section class=\"wpb-content-wrapper\"><p>[vc_row css_animation=&#8221;&#8221; row_type=&#8221;row&#8221; use_row_as_full_screen_section=&#8221;no&#8221; type=&#8221;grid&#8221; angled_section=&#8221;no&#8221; text_align=&#8221;center&#8221; background_image_as_pattern=&#8221;without_pattern&#8221; padding_top=&#8221;80&#8243; z_index=&#8221;&#8221;][vc_column][vc_column_text]<\/p>\n<h1 style=\"text-align: left;\">Contact us<\/h1>\n<p>[\/vc_column_text][vc_separator type=&#8221;transparent&#8221; up=&#8221;40&#8243;][\/vc_column][\/vc_row][vc_row css_animation=&#8221;&#8221; row_type=&#8221;row&#8221; use_row_as_full_screen_section=&#8221;no&#8221; type=&#8221;full_width&#8221; angled_section=&#8221;no&#8221; text_align=&#8221;left&#8221; background_image_as_pattern=&#8221;without_pattern&#8221;][vc_column][vc_row_inner row_type=&#8221;row&#8221; type=&#8221;grid&#8221; text_align=&#8221;left&#8221; padding_bottom=&#8221;80&#8243; css_animation=&#8221;&#8221;][vc_column_inner width=&#8221;1\/3&#8243;][vc_column_text]<\/p>\n<p class=\"p1\"><span class=\"s1\">You will find below the contact information in order to join us. Contact us now to submit your projects or ask questions and we will work together to make your dreams come true!<\/span><\/p>\n<p>[\/vc_column_text][vc_separator type=&#8221;transparent&#8221; up=&#8221;20&#8243;][vc_column_text](613) 606-4150<\/p>\n<p><a href=\"mailto:info@menuiseriedubois.com \">info@menuiseriedubois.com <\/a>[\/vc_column_text][vc_separator type=&#8221;transparent&#8221; up=&#8221;20&#8243;]<span class='q_social_icon_holder normal_social' ><a itemprop='url' href='https:\/\/www.facebook.com\/menuiseriedubois\/?ref=br_rs' target='_blank'><i class=\"qode_icon_font_awesome fa fa-facebook fa-lg simple_social\" style=\"margin: 0 13px 0 0;\" ><\/i><\/a><\/span>[vc_separator type=&#8221;transparent&#8221; up=&#8221;20&#8243;][\/vc_column_inner][vc_column_inner width=&#8221;2\/3&#8243;]<div role=\"form\" class=\"wpcf7\" id=\"wpcf7-f16038-o1\" lang=\"fr-FR\" dir=\"ltr\">\n<div class=\"screen-reader-response\"><p role=\"status\" aria-live=\"polite\" aria-atomic=\"true\"><\/p> <ul><\/ul><\/div>\n<form action=\"\/en\/wp-json\/wp\/v2\/pages\/15853#wpcf7-f16038-o1\" method=\"post\" class=\"wpcf7-form init default\" novalidate=\"novalidate\" data-status=\"init\">\n<div style=\"display: none;\">\n<input type=\"hidden\" name=\"_wpcf7\" value=\"16038\" \/>\n<input type=\"hidden\" name=\"_wpcf7_version\" value=\"5.3.2\" \/>\n<input type=\"hidden\" name=\"_wpcf7_locale\" value=\"fr_FR\" \/>\n<input type=\"hidden\" name=\"_wpcf7_unit_tag\" value=\"wpcf7-f16038-o1\" \/>\n<input type=\"hidden\" name=\"_wpcf7_container_post\" value=\"0\" \/>\n<input type=\"hidden\" name=\"_wpcf7_posted_data_hash\" value=\"\" \/>\n<\/div>\n<p><label> Name *<br \/>\n    <span class=\"wpcf7-form-control-wrap your-name\"><input type=\"text\" name=\"your-name\" value=\"\" size=\"40\" class=\"wpcf7-form-control wpcf7-text wpcf7-validates-as-required\" aria-required=\"true\" aria-invalid=\"false\" \/><\/span> <\/label><\/p>\n<p><label> Email *<br \/>\n    <span class=\"wpcf7-form-control-wrap your-email\"><input type=\"email\" name=\"your-email\" value=\"\" size=\"40\" class=\"wpcf7-form-control wpcf7-text wpcf7-email wpcf7-validates-as-required wpcf7-validates-as-email\" aria-required=\"true\" aria-invalid=\"false\" \/><\/span> <\/label><\/p>\n<p><label> Phone *<br \/>\n    <span class=\"wpcf7-form-control-wrap your-phone\"><input type=\"text\" name=\"your-phone\" value=\"\" size=\"40\" class=\"wpcf7-form-control wpcf7-text wpcf7-validates-as-required\" aria-required=\"true\" aria-invalid=\"false\" \/><\/span> <\/label><\/p>\n<p><label> Subject<br \/>\n    <span class=\"wpcf7-form-control-wrap your-subject\"><input type=\"text\" name=\"your-subject\" value=\"\" size=\"40\" class=\"wpcf7-form-control wpcf7-text\" aria-invalid=\"false\" \/><\/span> <\/label><\/p>\n<p><label> Questions or comments<br \/>\n    <span class=\"wpcf7-form-control-wrap your-message\"><textarea name=\"your-message\" cols=\"40\" rows=\"10\" class=\"wpcf7-form-control wpcf7-textarea\" aria-invalid=\"false\"><\/textarea><\/span> <\/label><\/p>\n<p><input type=\"submit\" value=\"Send\" class=\"wpcf7-form-control wpcf7-submit\" \/><\/p>\n<div class=\"wpcf7-response-output\" aria-hidden=\"true\"><\/div><\/form><\/div>[\/vc_column_inner][\/vc_row_inner][\/vc_column][\/vc_row]<\/p>\n<\/section>","protected":false},"excerpt":{"rendered":"<p>[vc_row css_animation=&#8221;&#8221; row_type=&#8221;row&#8221; use_row_as_full_screen_section=&#8221;no&#8221; type=&#8221;grid&#8221; angled_section=&#8221;no&#8221; text_align=&#8221;center&#8221; background_image_as_pattern=&#8221;without_pattern&#8221; padding_top=&#8221;80&#8243; z_index=&#8221;&#8221;][vc_column][vc_column_text] Contact us [\/vc_column_text][vc_separator type=&#8221;transparent&#8221; up=&#8221;40&#8243;][\/vc_column][\/vc_row][vc_row css_animation=&#8221;&#8221; row_type=&#8221;row&#8221; use_row_as_full_screen_section=&#8221;no&#8221; type=&#8221;full_width&#8221; angled_section=&#8221;no&#8221; text_align=&#8221;left&#8221; background_image_as_pattern=&#8221;without_pattern&#8221;][vc_column][vc_row_inner row_type=&#8221;row&#8221; type=&#8221;grid&#8221; text_align=&#8221;left&#8221; padding_bottom=&#8221;80&#8243; css_animation=&#8221;&#8221;][vc_column_inner width=&#8221;1\/3&#8243;][vc_column_text] You will find below the contact information in order to join us. Contact us now to submit&#8230;<\/p>\n","protected":false},"author":1,"featured_media":0,"parent":0,"menu_order":0,"comment_status":"open","ping_status":"open","template":"full_width.php","meta":{"_mi_skip_tracking":false},"yoast_head":"<!-- This site is optimized with the Yoast SEO plugin v16.2 - https:\/\/yoast.com\/wordpress\/plugins\/seo\/ -->\n<title>Nous joindre | Appelez-nous pour votre projet | Menuiserie Du-Bois | Gatineau, QC - Ottawa, ON<\/title>\n<meta name=\"description\" content=\"Retrouvez nos coordonn\u00e9es. Contactez-nous sans tarder pour soumettre vos projets ou poser vos questions et nous travaillerons ensemble pour r\u00e9aliser vos r\u00eaves!\" \/>\n<meta name=\"robots\" content=\"index, follow, max-snippet:-1, max-image-preview:large, max-video-preview:-1\" \/>\n<link rel=\"canonical\" href=\"https:\/\/menuiseriedubois.com\/en\/contact\/\" \/>\n<meta property=\"og:locale\" content=\"en_US\" \/>\n<meta property=\"og:type\" content=\"article\" \/>\n<meta property=\"og:title\" content=\"Nous joindre | Appelez-nous pour votre projet | Menuiserie Du-Bois | Gatineau, QC - Ottawa, ON\" \/>\n<meta property=\"og:description\" content=\"Retrouvez nos coordonn\u00e9es. Contactez-nous sans tarder pour soumettre vos projets ou poser vos questions et nous travaillerons ensemble pour r\u00e9aliser vos r\u00eaves!\" \/>\n<meta property=\"og:url\" content=\"https:\/\/menuiseriedubois.com\/en\/contact\/\" \/>\n<meta property=\"og:site_name\" content=\"Menuiserie Du-Bois\" \/>\n<meta property=\"article:modified_time\" content=\"2019-02-24T01:42:37+00:00\" \/>\n<meta name=\"twitter:card\" content=\"summary_large_image\" \/>\n<meta name=\"twitter:label1\" content=\"Est. reading time\">\n\t<meta name=\"twitter:data1\" content=\"1 minute\">\n<script type=\"application\/ld+json\" class=\"yoast-schema-graph\">{\"@context\":\"https:\/\/schema.org\",\"@graph\":[{\"@type\":\"WebSite\",\"@id\":\"https:\/\/menuiseriedubois.com\/#website\",\"url\":\"https:\/\/menuiseriedubois.com\/\",\"name\":\"Menuiserie Du-Bois\",\"description\":\"Restauration d&#039;escalier\",\"potentialAction\":[{\"@type\":\"SearchAction\",\"target\":\"https:\/\/menuiseriedubois.com\/?s={search_term_string}\",\"query-input\":\"required name=search_term_string\"}],\"inLanguage\":\"en-US\"},{\"@type\":\"WebPage\",\"@id\":\"https:\/\/menuiseriedubois.com\/en\/contact\/#webpage\",\"url\":\"https:\/\/menuiseriedubois.com\/en\/contact\/\",\"name\":\"Nous joindre | Appelez-nous pour votre projet | Menuiserie Du-Bois | Gatineau, QC - Ottawa, ON\",\"isPartOf\":{\"@id\":\"https:\/\/menuiseriedubois.com\/#website\"},\"datePublished\":\"2015-02-05T16:09:41+00:00\",\"dateModified\":\"2019-02-24T01:42:37+00:00\",\"description\":\"Retrouvez nos coordonn\\u00e9es. Contactez-nous sans tarder pour soumettre vos projets ou poser vos questions et nous travaillerons ensemble pour r\\u00e9aliser vos r\\u00eaves!\",\"breadcrumb\":{\"@id\":\"https:\/\/menuiseriedubois.com\/en\/contact\/#breadcrumb\"},\"inLanguage\":\"en-US\",\"potentialAction\":[{\"@type\":\"ReadAction\",\"target\":[\"https:\/\/menuiseriedubois.com\/en\/contact\/\"]}]},{\"@type\":\"BreadcrumbList\",\"@id\":\"https:\/\/menuiseriedubois.com\/en\/contact\/#breadcrumb\",\"itemListElement\":[{\"@type\":\"ListItem\",\"position\":1,\"item\":{\"@type\":\"WebPage\",\"@id\":\"https:\/\/menuiseriedubois.com\/en\/\",\"url\":\"https:\/\/menuiseriedubois.com\/en\/\",\"name\":\"Accueil\"}},{\"@type\":\"ListItem\",\"position\":2,\"item\":{\"@id\":\"https:\/\/menuiseriedubois.com\/en\/contact\/#webpage\"}}]}]}<\/script>\n<!-- \/ Yoast SEO plugin. -->","_links":{"self":[{"href":"https:\/\/menuiseriedubois.com\/en\/wp-json\/wp\/v2\/pages\/15853"}],"collection":[{"href":"https:\/\/menuiseriedubois.com\/en\/wp-json\/wp\/v2\/pages"}],"about":[{"href":"https:\/\/menuiseriedubois.com\/en\/wp-json\/wp\/v2\/types\/page"}],"author":[{"embeddable":true,"href":"https:\/\/menuiseriedubois.com\/en\/wp-json\/wp\/v2\/users\/1"}],"replies":[{"embeddable":true,"href":"https:\/\/menuiseriedubois.com\/en\/wp-json\/wp\/v2\/comments?post=15853"}],"version-history":[{"count":3,"href":"https:\/\/menuiseriedubois.com\/en\/wp-json\/wp\/v2\/pages\/15853\/revisions"}],"predecessor-version":[{"id":16041,"href":"https:\/\/menuiseriedubois.com\/en\/wp-json\/wp\/v2\/pages\/15853\/revisions\/16041"}],"wp:attachment":[{"href":"https:\/\/menuiseriedubois.com\/en\/wp-json\/wp\/v2\/media?parent=15853"}],"curies":[{"name":"wp","href":"https:\/\/api.w.org\/{rel}","templated":true}]}}